{"id":94380,"date":"2022-09-01T16:12:45","date_gmt":"2022-09-01T14:12:45","guid":{"rendered":"https:\/\/traditional-wine.de\/?post_type=product&#038;p=94380"},"modified":"2026-02-03T22:03:19","modified_gmt":"2026-02-03T21:03:19","slug":"2019-albino-rocca-barbaresco-cotta-docg","status":"publish","type":"product","link":"https:\/\/traditional-wine.de\/en\/product\/2019-albino-rocca-barbaresco-cotta-docg\/","title":{"rendered":"2019 Albino Rocca, Barbaresco Cotta DOCG"},"content":{"rendered":"<div class=\"wpb_text_column wpb_content_element \">\n<div class=\"wpb_wrapper\">\n<div class=\"wpb_text_column wpb_content_element \">\n<div class=\"wpb_wrapper\">\n<h3>Barbaresco Cott\u00e0 DOCG<\/h3>\n<\/div>\n<\/div>\n<div class=\"separator transparent center \">Cotta ist eine sehr kleine feine Lage in Neive, die sehr klare, kraftvolle, strukturierte, langlebige und wenn man so will, m\u00e4nnliche Weine hervorbringt. Die Weinbergsparzelle geh\u00f6rt der Familie Rocca bereits seit den fr\u00fchen 70er Jahren und die Reben sind teilweise bis zu 60 Jahre alt. Die kaum 2000 Flaschen die hier entstehen, sind fordernd, faszinierend und atemberaubend langlebig.<\/div>\n<div class=\"wpb_text_column wpb_content_element \">\n<div class=\"wpb_wrapper\">\n<p>&nbsp;<\/p>\n<p>&nbsp;<\/p>\n<p>&nbsp;<\/p>\n<p>&nbsp;<\/p>\n<p>&nbsp;<\/p>\n<p>&nbsp;<\/p>\n<p>&nbsp;<\/p>\n<\/div>\n<\/div>\n<\/div>\n<\/div>\n<div class=\"wpb_text_column wpb_content_element \">\n<div class=\"wpb_wrapper\">\n<p>&nbsp;<\/p>\n<\/div>\n<\/div>\n","protected":false},"excerpt":{"rendered":"<p>Barbaresco Cott\u00e0 DOCG Cotta ist eine sehr kleine feine Lage in Neive, die sehr klare, kraftvolle, strukturierte, langlebige und wenn man so will, m\u00e4nnliche Weine hervorbringt. Die Weinbergsparzelle geh\u00f6rt der Familie Rocca bereits seit den fr\u00fchen 70er Jahren und die Reben sind teilweise bis zu 60 Jahre alt. Die kaum 2000 Flaschen die hier entstehen, [&hellip;]<\/p>\n","protected":false},"featured_media":76012,"template":"","meta":[],"product_brand":[],"product_cat":[45],"product_tag":[],"class_list":{"0":"post-94380","1":"product","2":"type-product","3":"status-publish","4":"has-post-thumbnail","6":"product_cat-piemont","8":"first","9":"outofstock","10":"taxable","11":"shipping-taxable","12":"purchasable","13":"product-type-simple"},"_links":{"self":[{"href":"https:\/\/traditional-wine.de\/en\/wp-json\/wp\/v2\/product\/94380","targetHints":{"allow":["GET"]}}],"collection":[{"href":"https:\/\/traditional-wine.de\/en\/wp-json\/wp\/v2\/product"}],"about":[{"href":"https:\/\/traditional-wine.de\/en\/wp-json\/wp\/v2\/types\/product"}],"wp:featuredmedia":[{"embeddable":true,"href":"https:\/\/traditional-wine.de\/en\/wp-json\/wp\/v2\/media\/76012"}],"wp:attachment":[{"href":"https:\/\/traditional-wine.de\/en\/wp-json\/wp\/v2\/media?parent=94380"}],"wp:term":[{"taxonomy":"product_brand","embeddable":true,"href":"https:\/\/traditional-wine.de\/en\/wp-json\/wp\/v2\/product_brand?post=94380"},{"taxonomy":"product_cat","embeddable":true,"href":"https:\/\/traditional-wine.de\/en\/wp-json\/wp\/v2\/product_cat?post=94380"},{"taxonomy":"product_tag","embeddable":true,"href":"https:\/\/traditional-wine.de\/en\/wp-json\/wp\/v2\/product_tag?post=94380"}],"curies":[{"name":"wp","href":"https:\/\/api.w.org\/{rel}","templated":true}]}}