{"id":138144,"date":"2025-07-03T16:37:08","date_gmt":"2025-07-03T14:37:08","guid":{"rendered":"https:\/\/traditional-wine.de\/?post_type=product&#038;p=138144"},"modified":"2026-04-08T15:07:35","modified_gmt":"2026-04-08T13:07:35","slug":"2022-montevertine-toscana-igt-magnum-15l-in-geschenk-gift-box","status":"publish","type":"product","link":"https:\/\/traditional-wine.de\/en\/product\/2022-montevertine-toscana-igt-magnum-15l-in-geschenk-gift-box\/","title":{"rendered":"2022 Montevertine, Toscana IGT MAGNUM 1,5l [in Geschenk-\/Gift-Box]"},"content":{"rendered":"<p>Der Montevertine Rosso entsteht aus 90% Sangiovese, mit je 5% Canaiolo und Colorino. Die Trauben, stammen aus besten Weing\u00e4rten. Nach der Handlese werden sie in Zementtanks spontan-vergoren und bleiben f\u00fcr ca. 22 Tage auf der Maische. Der Ausbau erfolgt f\u00fcr 24 Monate in gro\u00dfen F\u00e4ssern aus Slawonischer Eiche, danach wird der Wein unfiltriert abgef\u00fcllt und kriegt eine 3-monatige Ruhephase auf der Flasche.<\/p>\n","protected":false},"excerpt":{"rendered":"<p>Der Montevertine Rosso entsteht aus 90% Sangiovese, mit je 5% Canaiolo und Colorino. Die Trauben, stammen aus besten Weing\u00e4rten. Nach der Handlese werden sie in Zementtanks spontan-vergoren und bleiben f\u00fcr ca. 22 Tage auf der Maische. Der Ausbau erfolgt f\u00fcr 24 Monate in gro\u00dfen F\u00e4ssern aus Slawonischer Eiche, danach wird der Wein unfiltriert abgef\u00fcllt und [&hellip;]<\/p>\n","protected":false},"featured_media":75699,"template":"","meta":[],"product_brand":[],"product_cat":[40,41],"product_tag":[],"class_list":{"0":"post-138144","1":"product","2":"type-product","3":"status-publish","4":"has-post-thumbnail","6":"product_cat-italien","7":"product_cat-toskana","9":"first","10":"instock","11":"taxable","12":"shipping-taxable","13":"purchasable","14":"product-type-simple"},"_links":{"self":[{"href":"https:\/\/traditional-wine.de\/en\/wp-json\/wp\/v2\/product\/138144","targetHints":{"allow":["GET"]}}],"collection":[{"href":"https:\/\/traditional-wine.de\/en\/wp-json\/wp\/v2\/product"}],"about":[{"href":"https:\/\/traditional-wine.de\/en\/wp-json\/wp\/v2\/types\/product"}],"wp:featuredmedia":[{"embeddable":true,"href":"https:\/\/traditional-wine.de\/en\/wp-json\/wp\/v2\/media\/75699"}],"wp:attachment":[{"href":"https:\/\/traditional-wine.de\/en\/wp-json\/wp\/v2\/media?parent=138144"}],"wp:term":[{"taxonomy":"product_brand","embeddable":true,"href":"https:\/\/traditional-wine.de\/en\/wp-json\/wp\/v2\/product_brand?post=138144"},{"taxonomy":"product_cat","embeddable":true,"href":"https:\/\/traditional-wine.de\/en\/wp-json\/wp\/v2\/product_cat?post=138144"},{"taxonomy":"product_tag","embeddable":true,"href":"https:\/\/traditional-wine.de\/en\/wp-json\/wp\/v2\/product_tag?post=138144"}],"curies":[{"name":"wp","href":"https:\/\/api.w.org\/{rel}","templated":true}]}}