{"id":138073,"date":"2025-06-27T10:39:59","date_gmt":"2025-06-27T08:39:59","guid":{"rendered":"https:\/\/traditional-wine.de\/?post_type=product&#038;p=138073"},"modified":"2025-10-24T13:31:48","modified_gmt":"2025-10-24T11:31:48","slug":"2019-canalicchio-di-sopra-brunello-di-montalcino-riserva","status":"publish","type":"product","link":"https:\/\/traditional-wine.de\/en\/product\/2019-canalicchio-di-sopra-brunello-di-montalcino-riserva\/","title":{"rendered":"2019 Canalicchio di Sopra, Brunello di Montalcino RISERVA"},"content":{"rendered":"<h5>Die Riserva Brunello di Montalcino von Canalicchio di Sopra wird nur f\u00fcr gro\u00dfe Jahrg\u00e4nge und in begrenzten Mengen aus den \u00e4ltesten Weinbergen des Weinguts erzeugt und ist das Aush\u00e4ngeschild f\u00fcr die Qualit\u00e4t des Weinguts. Eleganz, Terroir und aromatische Tiefe pr\u00e4gen die Riserva. Mindestens 80% der Trauben stammen aus einem einzigen Weinberg: Vigna Vecchia Mercatale.<\/h5>\n<h5><strong>97+\/100, Vinous.com Revied vy Eric Guido<\/strong><\/h5>\n<h5>The 2019 Brunello di Montalcino Riserva is an understated beauty, impressing with a perfumed bouquet of red currants, cedar spice box and roses. This sweeps across the palate with ease, sleek and spry, with an elegant wave of ripe red and black fruits. Tension slowly mounts through a blend of crisp minerality and brisk acidity. It takes on a spicy persona through the finish, mixing citrus-tinged blackberry, a saline sensation and hints of spice. Crystalline tannins add youthful poise &#8211; gorgeous. The 2019 Riserva was produced entirely from Vigna Vecchia Mercatale. This is a stunning showing.<\/h5>\n<h5><\/h5>\n<h5><strong>96\/100, RobertParker.com Reviewed by: Monica Larner<\/strong>, Release Price: $249, Drink Date: 2025 &#8211; 2045<\/h5>\n<h5>In the bottle with the black label, the Canalicchio di Sopra 2019 Brunello di Montalcino Riserva reveals a savory and austere bouquet with dried fruit flavors, licorice and a hint of brandied plum. The alcohol measures 15% and is the same for all the other Brunellos from the 2020 vintage. Even the 2022 Rosso di Montalcino is high in alcohol at 14.5%. Despite that power, vintner Francesco Ripaccioli manages phenolic ripeness and oak aging masterfully. You might not guess the real alcoholic content in this limited 4,133-bottle release.<\/h5>\n<p>&nbsp;<\/p>\n","protected":false},"excerpt":{"rendered":"<p>Die Riserva Brunello di Montalcino von Canalicchio di Sopra wird nur f\u00fcr gro\u00dfe Jahrg\u00e4nge und in begrenzten Mengen aus den \u00e4ltesten Weinbergen des Weinguts erzeugt und ist das Aush\u00e4ngeschild f\u00fcr die Qualit\u00e4t des Weinguts. Eleganz, Terroir und aromatische Tiefe pr\u00e4gen die Riserva. Mindestens 80% der Trauben stammen aus einem einzigen Weinberg: Vigna Vecchia Mercatale. 97+\/100, [&hellip;]<\/p>\n","protected":false},"featured_media":97054,"template":"","meta":[],"product_brand":[],"product_cat":[40,41],"product_tag":[],"class_list":{"0":"post-138073","1":"product","2":"type-product","3":"status-publish","4":"has-post-thumbnail","6":"product_cat-italien","7":"product_cat-toskana","9":"first","10":"instock","11":"taxable","12":"shipping-taxable","13":"purchasable","14":"product-type-simple"},"_links":{"self":[{"href":"https:\/\/traditional-wine.de\/en\/wp-json\/wp\/v2\/product\/138073","targetHints":{"allow":["GET"]}}],"collection":[{"href":"https:\/\/traditional-wine.de\/en\/wp-json\/wp\/v2\/product"}],"about":[{"href":"https:\/\/traditional-wine.de\/en\/wp-json\/wp\/v2\/types\/product"}],"wp:featuredmedia":[{"embeddable":true,"href":"https:\/\/traditional-wine.de\/en\/wp-json\/wp\/v2\/media\/97054"}],"wp:attachment":[{"href":"https:\/\/traditional-wine.de\/en\/wp-json\/wp\/v2\/media?parent=138073"}],"wp:term":[{"taxonomy":"product_brand","embeddable":true,"href":"https:\/\/traditional-wine.de\/en\/wp-json\/wp\/v2\/product_brand?post=138073"},{"taxonomy":"product_cat","embeddable":true,"href":"https:\/\/traditional-wine.de\/en\/wp-json\/wp\/v2\/product_cat?post=138073"},{"taxonomy":"product_tag","embeddable":true,"href":"https:\/\/traditional-wine.de\/en\/wp-json\/wp\/v2\/product_tag?post=138073"}],"curies":[{"name":"wp","href":"https:\/\/api.w.org\/{rel}","templated":true}]}}