{"id":138072,"date":"2025-06-27T09:37:55","date_gmt":"2025-06-27T07:37:55","guid":{"rendered":"https:\/\/traditional-wine.de\/?post_type=product&#038;p=138072"},"modified":"2025-12-10T16:35:22","modified_gmt":"2025-12-10T15:35:22","slug":"2010-canalicchio-di-sopra-brunello-di-montalcino-riserva","status":"publish","type":"product","link":"https:\/\/traditional-wine.de\/en\/product\/2010-canalicchio-di-sopra-brunello-di-montalcino-riserva\/","title":{"rendered":"2010 Canalicchio di Sopra, Brunello di Montalcino RISERVA"},"content":{"rendered":"<p>Die Riserva Brunello di Montalcino von Canalicchio di Sopra wird nur f\u00fcr gro\u00dfe Jahrg\u00e4nge und in begrenzten Mengen aus den \u00e4ltesten Weinbergen des Weinguts erzeugt und ist das Aush\u00e4ngeschild f\u00fcr die Qualit\u00e4t des Weinguts. Eleganz, Terroir und aromatische Tiefe pr\u00e4gen die Riserva. Mindestens 80% der Trauben stammen aus einem einzigen Weinberg: Vigna Vecchia Mercatale.<\/p>\n<p><strong>99\/100, RobertParker.com Reviewed by: Monica Larner<\/strong>, Release Price: $140, Drink Date: 2018 &#8211; 2045<\/p>\n<p>The 2010 Brunello di Montalcino Riserva is one of my favorite wines of the year. It gets as close to Brunello perfection as vinously possible. Fruit is sourced exclusively from the estate&#8217;s oldest vines in the Vigna Vecchia Mercatale vineyard, the oldest Canalicchio cru. The vines were planted in 1987-1988. They are in their prime production years right now. This is first time the Riserva is made exclusively from that site. The depth of this wine is extraordinary. The wine starts with a playful offering of red fruit and cherry. Like many of the wines from this vintage, the bouquet takes a while to arrive at full intensity. That margin should shorten as the wine continues its cellar aging and evolution. Yet, the slow start to the bouquet is ultimately what drives your interest in this wine. The mouthfeel is exceptional with tannins that are both silky and firm at the same time.<\/p>\n<p>&nbsp;<\/p>\n","protected":false},"excerpt":{"rendered":"<p>Die Riserva Brunello di Montalcino von Canalicchio di Sopra wird nur f\u00fcr gro\u00dfe Jahrg\u00e4nge und in begrenzten Mengen aus den \u00e4ltesten Weinbergen des Weinguts erzeugt und ist das Aush\u00e4ngeschild f\u00fcr die Qualit\u00e4t des Weinguts. Eleganz, Terroir und aromatische Tiefe pr\u00e4gen die Riserva. Mindestens 80% der Trauben stammen aus einem einzigen Weinberg: Vigna Vecchia Mercatale. 99\/100, [&hellip;]<\/p>\n","protected":false},"featured_media":97054,"template":"","meta":[],"product_brand":[],"product_cat":[40,41],"product_tag":[],"class_list":{"0":"post-138072","1":"product","2":"type-product","3":"status-publish","4":"has-post-thumbnail","6":"product_cat-italien","7":"product_cat-toskana","9":"first","10":"instock","11":"taxable","12":"shipping-taxable","13":"purchasable","14":"product-type-simple"},"_links":{"self":[{"href":"https:\/\/traditional-wine.de\/en\/wp-json\/wp\/v2\/product\/138072","targetHints":{"allow":["GET"]}}],"collection":[{"href":"https:\/\/traditional-wine.de\/en\/wp-json\/wp\/v2\/product"}],"about":[{"href":"https:\/\/traditional-wine.de\/en\/wp-json\/wp\/v2\/types\/product"}],"wp:featuredmedia":[{"embeddable":true,"href":"https:\/\/traditional-wine.de\/en\/wp-json\/wp\/v2\/media\/97054"}],"wp:attachment":[{"href":"https:\/\/traditional-wine.de\/en\/wp-json\/wp\/v2\/media?parent=138072"}],"wp:term":[{"taxonomy":"product_brand","embeddable":true,"href":"https:\/\/traditional-wine.de\/en\/wp-json\/wp\/v2\/product_brand?post=138072"},{"taxonomy":"product_cat","embeddable":true,"href":"https:\/\/traditional-wine.de\/en\/wp-json\/wp\/v2\/product_cat?post=138072"},{"taxonomy":"product_tag","embeddable":true,"href":"https:\/\/traditional-wine.de\/en\/wp-json\/wp\/v2\/product_tag?post=138072"}],"curies":[{"name":"wp","href":"https:\/\/api.w.org\/{rel}","templated":true}]}}