{"id":137561,"date":"2025-05-14T14:25:19","date_gmt":"2025-05-14T12:25:19","guid":{"rendered":"https:\/\/traditional-wine.de\/?post_type=product&#038;p=137561"},"modified":"2026-04-28T14:32:01","modified_gmt":"2026-04-28T12:32:01","slug":"2021-elvio-cogno-barolo-cascina-nuova","status":"publish","type":"product","link":"https:\/\/traditional-wine.de\/en\/product\/2021-elvio-cogno-barolo-cascina-nuova\/","title":{"rendered":"2021 Elvio Cogno, Barolo Cascina Nuova"},"content":{"rendered":"<p>Der Barolo Cascina Nuova stammt aus den j\u00fcngeren Weing\u00e4rten der Lage Ravera. Allerdings sind die Rebst\u00f6cke auch hier schon \u00fcber 25 Jahre alt. Der Ausbau erfolgt klassisch in grossen 2,5hl F\u00e4ssern aus slawonischer Eiche.\u00a0 Ein saftiger, delikater und zug\u00e4nglichen Barolo mit samtigem Tannin, mineralischem Finish und einen gigantischen Preis\/Genuss-Verh\u00e4ltnis.<\/p>\n<p>&nbsp;<\/p>\n<div class=\"mnmd-review__top\">\n<div class=\"mnmd-review__product media\">\n<h5 class=\"tasting-notes-text\">RobertParker.com, Monica Larner: 94 Punkte<\/h5>\n<h5 class=\"tasting-notes-text\">Release Price: $75, Drink Date: 2026 &#8211; 2042<\/h5>\n<\/div>\n<\/div>\n<div class=\"mnmd-review__summary\">\n<h5>2021 Elvio Cogno, Barolo Cascina Nuova<\/h5>\n<h5>This wine sources its fruit from across three hectares on clay limestone soils. The Elvio Cogno 2021 Barolo Cascina Nuova is the most accessible wine in the family&#8217;s portfolio, and indeed, the intensity threshold is a little lower in this case (especially compared to the Ravera), although you do get plenty of delicate Nebbiolo nuances. The bouquet offers dark fruit, blue flower and spice. This wine ages in large Slavonian oak casks for 24 months, so the primary fruit remains front and center. I suggest another year of bottle age to give the wine time to find better focus. Production is 21,000 bottle<\/h5>\n<\/div>\n","protected":false},"excerpt":{"rendered":"<p>&nbsp;<\/p>\n<div class=\"mnmd-review__top\">\n<div class=\"mnmd-review__product media\"><\/div>\n<\/div>\n<div class=\"mnmd-review__summary\">\n<p>&nbsp;<\/p>\n<\/div>\n<p>&nbsp;<\/p>\n","protected":false},"featured_media":137566,"template":"","meta":[],"product_brand":[],"product_cat":[40,45],"product_tag":[],"class_list":{"0":"post-137561","1":"product","2":"type-product","3":"status-publish","4":"has-post-thumbnail","6":"product_cat-italien","7":"product_cat-piemont","9":"first","10":"instock","11":"taxable","12":"shipping-taxable","13":"purchasable","14":"product-type-simple"},"_links":{"self":[{"href":"https:\/\/traditional-wine.de\/en\/wp-json\/wp\/v2\/product\/137561","targetHints":{"allow":["GET"]}}],"collection":[{"href":"https:\/\/traditional-wine.de\/en\/wp-json\/wp\/v2\/product"}],"about":[{"href":"https:\/\/traditional-wine.de\/en\/wp-json\/wp\/v2\/types\/product"}],"wp:featuredmedia":[{"embeddable":true,"href":"https:\/\/traditional-wine.de\/en\/wp-json\/wp\/v2\/media\/137566"}],"wp:attachment":[{"href":"https:\/\/traditional-wine.de\/en\/wp-json\/wp\/v2\/media?parent=137561"}],"wp:term":[{"taxonomy":"product_brand","embeddable":true,"href":"https:\/\/traditional-wine.de\/en\/wp-json\/wp\/v2\/product_brand?post=137561"},{"taxonomy":"product_cat","embeddable":true,"href":"https:\/\/traditional-wine.de\/en\/wp-json\/wp\/v2\/product_cat?post=137561"},{"taxonomy":"product_tag","embeddable":true,"href":"https:\/\/traditional-wine.de\/en\/wp-json\/wp\/v2\/product_tag?post=137561"}],"curies":[{"name":"wp","href":"https:\/\/api.w.org\/{rel}","templated":true}]}}