{"id":136421,"date":"2025-04-16T18:06:45","date_gmt":"2025-04-16T16:06:45","guid":{"rendered":"https:\/\/traditional-wine.de\/?post_type=product&#038;p=136421"},"modified":"2026-01-26T09:36:42","modified_gmt":"2026-01-26T08:36:42","slug":"2021-elio-grasso-barolo-ginestra-casa-mate","status":"publish","type":"product","link":"https:\/\/traditional-wine.de\/en\/product\/2021-elio-grasso-barolo-ginestra-casa-mate\/","title":{"rendered":"2021 Elio Grasso, Barolo Ginestra Casa Mat\u00e9"},"content":{"rendered":"<h5>Die im Durchschnitt knapp 45 Jahre alten Reben f\u00fcr den Barolo Ginestra Casa Mate stehen direkt unterhalb des Weinguts, in einem s\u00fcdlich ausgerichteten \u201aAmphitheater\u2018 auf ca. 300 bis 350 Meter H\u00f6he. Der Boden ist kompakter, von Kalk und Mineralstoffen durchzogener Lehm mit Kalkstein Untergrund.<\/h5>\n<p>&nbsp;<\/p>\n<h5>Vinous\/ Antonio Galloni: 2021 Elio Grasso Barolo Casa Mate\u00a0 \u00a097\/100 Punkte<\/h5>\n<div class=\"w-full md:w-1\/5 md:mr-4 space-y-1 lg:space-y-0\">\n<div><\/div>\n<div class=\"md:block\">\n<p class=\"font-light\">The 2021 Barolo Ginestra Casa Mat\u00e8 is fabulous. Bright and transparent, with captivating depth, the 2021 is a stunning beauty. Enveloping balsamic notes make a strong opening statement that remains a theme here. Blue\/purplish fruit, lavender, spice and blood orange all come alive in the glass. What a wine!<\/p>\n<\/div>\n<\/div>\n<div class=\"w-full\">\n<div class=\"\"><\/div>\n<\/div>\n<h5>\nDer 2021 Barolo Ginestra Casa Mat\u00e8 ist fabelhaft. Hell und transparent, mit fesselnder Tiefe, ist der 2021er eine atemberaubende Sch\u00f6nheit. Umh\u00fcllende balsamische Noten bilden einen starken Auftakt, der hier ein Thema bleibt. Blaue und violette Fr\u00fcchte, Lavendel, Gew\u00fcrze und Blutorange werden im Glas lebendig. Was f\u00fcr ein Wein!<\/h5>\n","protected":false},"excerpt":{"rendered":"<p>Die im Durchschnitt knapp 45 Jahre alten Reben f\u00fcr den Barolo Ginestra Casa Mate stehen direkt unterhalb des Weinguts, in einem s\u00fcdlich ausgerichteten \u201aAmphitheater\u2018 auf ca. 300 bis 350 Meter H\u00f6he. Der Boden ist kompakter, von Kalk und Mineralstoffen durchzogener Lehm mit Kalkstein Untergrund. &nbsp; Vinous\/ Antonio Galloni: 2021 Elio Grasso Barolo Casa Mate\u00a0 \u00a097\/100 [&hellip;]<\/p>\n","protected":false},"featured_media":1668,"template":"","meta":[],"product_brand":[],"product_cat":[40,45],"product_tag":[],"class_list":{"0":"post-136421","1":"product","2":"type-product","3":"status-publish","4":"has-post-thumbnail","6":"product_cat-italien","7":"product_cat-piemont","9":"first","10":"instock","11":"taxable","12":"shipping-taxable","13":"purchasable","14":"product-type-simple"},"_links":{"self":[{"href":"https:\/\/traditional-wine.de\/en\/wp-json\/wp\/v2\/product\/136421","targetHints":{"allow":["GET"]}}],"collection":[{"href":"https:\/\/traditional-wine.de\/en\/wp-json\/wp\/v2\/product"}],"about":[{"href":"https:\/\/traditional-wine.de\/en\/wp-json\/wp\/v2\/types\/product"}],"wp:featuredmedia":[{"embeddable":true,"href":"https:\/\/traditional-wine.de\/en\/wp-json\/wp\/v2\/media\/1668"}],"wp:attachment":[{"href":"https:\/\/traditional-wine.de\/en\/wp-json\/wp\/v2\/media?parent=136421"}],"wp:term":[{"taxonomy":"product_brand","embeddable":true,"href":"https:\/\/traditional-wine.de\/en\/wp-json\/wp\/v2\/product_brand?post=136421"},{"taxonomy":"product_cat","embeddable":true,"href":"https:\/\/traditional-wine.de\/en\/wp-json\/wp\/v2\/product_cat?post=136421"},{"taxonomy":"product_tag","embeddable":true,"href":"https:\/\/traditional-wine.de\/en\/wp-json\/wp\/v2\/product_tag?post=136421"}],"curies":[{"name":"wp","href":"https:\/\/api.w.org\/{rel}","templated":true}]}}