{"id":125909,"date":"2024-09-09T00:34:02","date_gmt":"2024-09-08T22:34:02","guid":{"rendered":"https:\/\/traditional-wine.de\/?post_type=product&#038;p=125909"},"modified":"2025-10-24T11:18:48","modified_gmt":"2025-10-24T09:18:48","slug":"2021-albino-rocca-barbaresco-ovello-vigna-loreto-docg","status":"publish","type":"product","link":"https:\/\/traditional-wine.de\/en\/product\/2021-albino-rocca-barbaresco-ovello-vigna-loreto-docg\/","title":{"rendered":"2021 Albino Rocca, Barbaresco Ovello Vigna Loreto DOCG"},"content":{"rendered":"<div class=\"wpb_text_column wpb_content_element \">\n<div class=\"wpb_wrapper\">\n<div class=\"wpb_text_column wpb_content_element \">\n<div class=\"wpb_wrapper\">\n<div class=\"wpb_text_column wpb_content_element \">\n<div class=\"wpb_wrapper\">\n<h3>Barbaresco Ovello Vigna Loreto DOCG<\/h3>\n<\/div>\n<\/div>\n<div class=\"separator transparent center \">Ovello ist schlichtweg einer der besten Weinberge in Barbaresco und im ganzen Piemont. Die Reben f\u00fcr den Albino Rocca Vigna Loreto, einer Parzelle im westen der Lage Ovello, sind mittlerweile \u00fcber 50 Jahre alt und ergeben unwiderstehliche Weine au\u00dferordentlicher Harmonie bei gleichzeitiger Komplexit\u00e4t. Ein Erlebnis.<\/div>\n<\/div>\n<div>Der Ausbau erfolgt f\u00fcr 20 Monate in traditionellen 20hl F\u00e4ssern. Die Produktion betr\u00e4gt nicht einmal 2500 Flaschen.<\/div>\n<\/div>\n<\/div>\n<\/div>\n","protected":false},"excerpt":{"rendered":"<p>Barbaresco Ovello Vigna Loreto DOCG Ovello ist schlichtweg einer der besten Weinberge in Barbaresco und im ganzen Piemont. Die Reben f\u00fcr den Albino Rocca Vigna Loreto, einer Parzelle im westen der Lage Ovello, sind mittlerweile \u00fcber 50 Jahre alt und ergeben unwiderstehliche Weine au\u00dferordentlicher Harmonie bei gleichzeitiger Komplexit\u00e4t. Ein Erlebnis. Der Ausbau erfolgt f\u00fcr 20 [&hellip;]<\/p>\n","protected":false},"featured_media":76018,"template":"","meta":[],"product_brand":[],"product_cat":[40,45],"product_tag":[],"class_list":{"0":"post-125909","1":"product","2":"type-product","3":"status-publish","4":"has-post-thumbnail","6":"product_cat-italien","7":"product_cat-piemont","9":"first","10":"instock","11":"sale","12":"taxable","13":"shipping-taxable","14":"purchasable","15":"product-type-simple"},"_links":{"self":[{"href":"https:\/\/traditional-wine.de\/en\/wp-json\/wp\/v2\/product\/125909","targetHints":{"allow":["GET"]}}],"collection":[{"href":"https:\/\/traditional-wine.de\/en\/wp-json\/wp\/v2\/product"}],"about":[{"href":"https:\/\/traditional-wine.de\/en\/wp-json\/wp\/v2\/types\/product"}],"wp:featuredmedia":[{"embeddable":true,"href":"https:\/\/traditional-wine.de\/en\/wp-json\/wp\/v2\/media\/76018"}],"wp:attachment":[{"href":"https:\/\/traditional-wine.de\/en\/wp-json\/wp\/v2\/media?parent=125909"}],"wp:term":[{"taxonomy":"product_brand","embeddable":true,"href":"https:\/\/traditional-wine.de\/en\/wp-json\/wp\/v2\/product_brand?post=125909"},{"taxonomy":"product_cat","embeddable":true,"href":"https:\/\/traditional-wine.de\/en\/wp-json\/wp\/v2\/product_cat?post=125909"},{"taxonomy":"product_tag","embeddable":true,"href":"https:\/\/traditional-wine.de\/en\/wp-json\/wp\/v2\/product_tag?post=125909"}],"curies":[{"name":"wp","href":"https:\/\/api.w.org\/{rel}","templated":true}]}}