{"id":123831,"date":"2024-07-04T15:05:51","date_gmt":"2024-07-04T13:05:51","guid":{"rendered":"https:\/\/traditional-wine.de\/?post_type=product&#038;p=123831"},"modified":"2025-10-24T08:25:16","modified_gmt":"2025-10-24T06:25:16","slug":"2021-elio-grasso-barbera-dalba-vigna-martina-magnum-in-ohk-owc","status":"publish","type":"product","link":"https:\/\/traditional-wine.de\/en\/product\/2021-elio-grasso-barbera-dalba-vigna-martina-magnum-in-ohk-owc\/","title":{"rendered":"2021 Elio Grasso, Barbera d\u2019Alba Vigna Martina MAGNUM [in OHK \/ owc]"},"content":{"rendered":"<p>Ein gro\u00dfer Barbera von 35 Jahre alten Rebst\u00f6cken aus knapp 400 Meter hoch gelegenen Weinbergen.\u00a0 Die B\u00f6den basieren auf dem hier allgegenw\u00e4rtigen Kalkstein mit Lehmauflage. Nach manueller Lese und Selektion werden die Trauben entrappt und im temperaturkontrollierten Stahltank fermentiert. Nach der malolaktischen G\u00e4rung erfolgt der Ausbau f\u00fcr ca. 18 Monate in zu 50% neuen franz\u00f6sischen Barrique F\u00e4ssern.<\/p>\n<p>Ein edler, dichter und w\u00fcrziger Barbara mit unb\u00e4ndiger Frucht und gro\u00dfem Nachhall.<\/p>\n<p>&nbsp;<\/p>\n","protected":false},"excerpt":{"rendered":"<p>Ein gro\u00dfer Barbera von 35 Jahre alten Rebst\u00f6cken aus knapp 400 Meter hoch gelegenen Weinbergen.\u00a0 Die B\u00f6den basieren auf dem hier allgegenw\u00e4rtigen Kalkstein mit Lehmauflage. Nach manueller Lese und Selektion werden die Trauben entrappt und im temperaturkontrollierten Stahltank fermentiert. Nach der malolaktischen G\u00e4rung erfolgt der Ausbau f\u00fcr ca. 18 Monate in zu 50% neuen franz\u00f6sischen [&hellip;]<\/p>\n","protected":false},"featured_media":85739,"template":"","meta":[],"product_brand":[],"product_cat":[45],"product_tag":[],"class_list":{"0":"post-123831","1":"product","2":"type-product","3":"status-publish","4":"has-post-thumbnail","6":"product_cat-piemont","8":"first","9":"instock","10":"taxable","11":"shipping-taxable","12":"purchasable","13":"product-type-simple"},"_links":{"self":[{"href":"https:\/\/traditional-wine.de\/en\/wp-json\/wp\/v2\/product\/123831","targetHints":{"allow":["GET"]}}],"collection":[{"href":"https:\/\/traditional-wine.de\/en\/wp-json\/wp\/v2\/product"}],"about":[{"href":"https:\/\/traditional-wine.de\/en\/wp-json\/wp\/v2\/types\/product"}],"wp:featuredmedia":[{"embeddable":true,"href":"https:\/\/traditional-wine.de\/en\/wp-json\/wp\/v2\/media\/85739"}],"wp:attachment":[{"href":"https:\/\/traditional-wine.de\/en\/wp-json\/wp\/v2\/media?parent=123831"}],"wp:term":[{"taxonomy":"product_brand","embeddable":true,"href":"https:\/\/traditional-wine.de\/en\/wp-json\/wp\/v2\/product_brand?post=123831"},{"taxonomy":"product_cat","embeddable":true,"href":"https:\/\/traditional-wine.de\/en\/wp-json\/wp\/v2\/product_cat?post=123831"},{"taxonomy":"product_tag","embeddable":true,"href":"https:\/\/traditional-wine.de\/en\/wp-json\/wp\/v2\/product_tag?post=123831"}],"curies":[{"name":"wp","href":"https:\/\/api.w.org\/{rel}","templated":true}]}}