{"id":121477,"date":"2024-04-19T17:33:44","date_gmt":"2024-04-19T15:33:44","guid":{"rendered":"https:\/\/traditional-wine.de\/?post_type=product&#038;p=121477"},"modified":"2026-02-25T21:25:14","modified_gmt":"2026-02-25T20:25:14","slug":"2020-giovanni-viberti-barolo-monvigliero","status":"publish","type":"product","link":"https:\/\/traditional-wine.de\/en\/product\/2020-giovanni-viberti-barolo-monvigliero\/","title":{"rendered":"2020 Giovanni Viberti, Barolo Monvigliero"},"content":{"rendered":"<h5>Die Familie Viberti besch\u00e4ftigt sich seit 1923 mit Wein und der Weinbereitung. Der Stil des Hauses ist gepr\u00e4gt von relativ kurzer Fermentations- und Mazerationszeit (14-16 Tage beim Barolo), die die zarten Fruchtaromen des Nebbiolo erh\u00e4lt. Der Ausbau erfolgt in ungetoasteten franz\u00f6sischen Eichenf\u00e4ssern.<\/h5>\n<h5>Monvigliero ist sicher die prestigereichste Einzellage in Verduno, direkt n\u00f6rdlich des Ortes Barolo. Die Weine zeichnen sich aufgrund der leichteren B\u00f6den durch Finesse und ein gro\u00dfes Ma\u00df an Eleganz aus.<\/h5>\n<h5>Der Viberti Barolo Monvigliero stammt aus einer weniger als einen Hektar kleinen Parzelle. Der 2020er Monvigliero zeigt die enorm zug\u00e4ngliche charmante Charakteristik des Jahrgangs gepaart mit den f\u00fcr Viberti typischen sehr feinen Fruchtaromen und seidigen Tanninen. Ein spektakul\u00e4res Trinkerlebnis.<\/h5>\n","protected":false},"excerpt":{"rendered":"<p>Die Familie Viberti besch\u00e4ftigt sich seit 1923 mit Wein und der Weinbereitung. Der Stil des Hauses ist gepr\u00e4gt von relativ kurzer Fermentations- und Mazerationszeit (14-16 Tage beim Barolo), die die zarten Fruchtaromen des Nebbiolo erh\u00e4lt. Der Ausbau erfolgt in ungetoasteten franz\u00f6sischen Eichenf\u00e4ssern. Monvigliero ist sicher die prestigereichste Einzellage in Verduno, direkt n\u00f6rdlich des Ortes Barolo. [&hellip;]<\/p>\n","protected":false},"featured_media":121478,"template":"","meta":[],"product_brand":[],"product_cat":[40,45],"product_tag":[],"class_list":{"0":"post-121477","1":"product","2":"type-product","3":"status-publish","4":"has-post-thumbnail","6":"product_cat-italien","7":"product_cat-piemont","9":"first","10":"instock","11":"sale","12":"taxable","13":"shipping-taxable","14":"purchasable","15":"product-type-simple"},"_links":{"self":[{"href":"https:\/\/traditional-wine.de\/en\/wp-json\/wp\/v2\/product\/121477","targetHints":{"allow":["GET"]}}],"collection":[{"href":"https:\/\/traditional-wine.de\/en\/wp-json\/wp\/v2\/product"}],"about":[{"href":"https:\/\/traditional-wine.de\/en\/wp-json\/wp\/v2\/types\/product"}],"wp:featuredmedia":[{"embeddable":true,"href":"https:\/\/traditional-wine.de\/en\/wp-json\/wp\/v2\/media\/121478"}],"wp:attachment":[{"href":"https:\/\/traditional-wine.de\/en\/wp-json\/wp\/v2\/media?parent=121477"}],"wp:term":[{"taxonomy":"product_brand","embeddable":true,"href":"https:\/\/traditional-wine.de\/en\/wp-json\/wp\/v2\/product_brand?post=121477"},{"taxonomy":"product_cat","embeddable":true,"href":"https:\/\/traditional-wine.de\/en\/wp-json\/wp\/v2\/product_cat?post=121477"},{"taxonomy":"product_tag","embeddable":true,"href":"https:\/\/traditional-wine.de\/en\/wp-json\/wp\/v2\/product_tag?post=121477"}],"curies":[{"name":"wp","href":"https:\/\/api.w.org\/{rel}","templated":true}]}}