{"id":120080,"date":"2024-02-23T18:03:05","date_gmt":"2024-02-23T17:03:05","guid":{"rendered":"https:\/\/traditional-wine.de\/?post_type=product&#038;p=120080"},"modified":"2025-10-24T13:37:43","modified_gmt":"2025-10-24T11:37:43","slug":"2018-canalicchio-di-sopra-brunello-di-montalcino-vigna-montosoli","status":"publish","type":"product","link":"https:\/\/traditional-wine.de\/en\/product\/2018-canalicchio-di-sopra-brunello-di-montalcino-vigna-montosoli\/","title":{"rendered":"2018 Canalicchio di Sopra, Brunello di Montalcino Vigna Montosoli"},"content":{"rendered":"<div class=\"row\">\n<div class=\"col-xs-12 col-md-4\">\n<div class=\"details\">\n<div class=\"form-group\">\n<div class=\"row\">\n<div class=\"col-xs-12\">\n<h4>Der Brunello di Montalcino Vigna Montosoli repr\u00e4sentiert auf perfekte Weise die enorm mineralischen Galestro B\u00f6den der Lage Montosoli. Feinste schwarze und rote Frucht, Transparenz, Pr\u00e4zision und eine unb\u00e4ndige Mineralit\u00e4t zeichnen den Vigna Montosoli aus. Ein komplexes endloses Aromen-Feuerwerk mit feinster Struktur und mit gigantischem Alterrungspotenzial.<\/h4>\n<h4><strong>Kerin O&#8217;Keefe<\/strong><\/h4>\n<h4>2018 Canalicchio di Sopra Brunello di Montalcino Vigna Montosoli <strong>100\/100<\/strong><\/h4>\n<h4>Canalicchio di Sopra\u2019s 2018 Vigna Montosoli, its debut single-vineyard bottling from this celebrated hill, is drop-dead gorgeous. Fragrant and all about elegance, it opens with enticing scents of wild rose, botanical herb, new leather and forest berry. Seamlessly fusing finesse and structure, the delicious palate delivers juicy Morello cherry, raspberry sprinkled with cinnamon, rosemary and thyme before a savory saline mineral finish. It boats great energy and impeccable balance, with taut, refined tannins and vibrant acidity. I just love it. Drink 2025\u20132038.<\/h4>\n<p>&nbsp;<\/p>\n<h4><strong>Vinous, Eric Guido <\/strong><\/h4>\n<h4>2018 Canalicchio di Sopra Brunello di Montalcino, Vigna Montosoli <strong>96+\/100<\/strong><\/h4>\n<h4>The 2018 Brunello di Montalcino Vigna Montosoli is quite Burgundian in style, slowly awakening in the glass with a delicate mix of sweet herbs, crushed violet candies, hints of spiced orange and wild strawberries. It boasts a stunning purity of fruit and inner sweetness, seeming to hover across the palate, as red berries and saline-minerals slowly saturate under a purple-tinged air of inner florals. The 2018 leaves a grippy coating of fine tannins, yet balances them with a residual bump of zesty acidity, finishing long, lightly structured and with immaculate balance. This is the first official vintage of Vigna Montosoli, a wine that I&#8217;ve been following now for over two years, and each time it seems to only grow in both volume and depth.<\/h4>\n<p>&nbsp;<\/p>\n<h4><strong>Monica Larner, RobertParker.com<\/strong><\/h4>\n<h4>2018 Canalicchio di Sopra Brunello di Montalcino<strong> Vigna Montosoli 95\/100<\/strong><\/h4>\n<h4>Release Price:\u00a0$179,\u00a0Drink Date:\u00a02025 &#8211; 2042<\/h4>\n<h4>Here&#8217;s an exciting new addition to the growing Canalicchio di Sopra portfolio. With fruit from one of the most celebrated subzones in the appellation, the 2018 Brunello di Montalcino Vigna Montosoli shows a unique profile. The wine opens to a solid core of red and purple fruits, all framed by light spice, crushed stone or chalky limestone. The fiber of this wine is lean, tight and elegantly streamlined. It hits the palate with intensity and softness, and it delivers especially fine tannins. Francesco Ripaccioli made 3,733 bottles and 200 magnums.<\/h4>\n<\/div>\n<\/div>\n<\/div>\n<\/div>\n<\/div>\n<\/div>\n","protected":false},"excerpt":{"rendered":"<p>Der Brunello di Montalcino Vigna Montosoli repr\u00e4sentiert auf perfekte Weise die enorm mineralischen Galestro B\u00f6den der Lage Montosoli. Feinste schwarze und rote Frucht, Transparenz, Pr\u00e4zision und eine unb\u00e4ndige Mineralit\u00e4t zeichnen den Vigna Montosoli aus. Ein komplexes endloses Aromen-Feuerwerk mit feinster Struktur und mit gigantischem Alterrungspotenzial. Kerin O&#8217;Keefe 2018 Canalicchio di Sopra Brunello di Montalcino Vigna [&hellip;]<\/p>\n","protected":false},"featured_media":97048,"template":"","meta":[],"product_brand":[],"product_cat":[40,41],"product_tag":[],"class_list":{"0":"post-120080","1":"product","2":"type-product","3":"status-publish","4":"has-post-thumbnail","6":"product_cat-italien","7":"product_cat-toskana","9":"first","10":"instock","11":"sale","12":"taxable","13":"shipping-taxable","14":"purchasable","15":"product-type-simple"},"_links":{"self":[{"href":"https:\/\/traditional-wine.de\/en\/wp-json\/wp\/v2\/product\/120080","targetHints":{"allow":["GET"]}}],"collection":[{"href":"https:\/\/traditional-wine.de\/en\/wp-json\/wp\/v2\/product"}],"about":[{"href":"https:\/\/traditional-wine.de\/en\/wp-json\/wp\/v2\/types\/product"}],"wp:featuredmedia":[{"embeddable":true,"href":"https:\/\/traditional-wine.de\/en\/wp-json\/wp\/v2\/media\/97048"}],"wp:attachment":[{"href":"https:\/\/traditional-wine.de\/en\/wp-json\/wp\/v2\/media?parent=120080"}],"wp:term":[{"taxonomy":"product_brand","embeddable":true,"href":"https:\/\/traditional-wine.de\/en\/wp-json\/wp\/v2\/product_brand?post=120080"},{"taxonomy":"product_cat","embeddable":true,"href":"https:\/\/traditional-wine.de\/en\/wp-json\/wp\/v2\/product_cat?post=120080"},{"taxonomy":"product_tag","embeddable":true,"href":"https:\/\/traditional-wine.de\/en\/wp-json\/wp\/v2\/product_tag?post=120080"}],"curies":[{"name":"wp","href":"https:\/\/api.w.org\/{rel}","templated":true}]}}