{"id":67928,"date":"2019-07-22T11:36:48","date_gmt":"2019-07-22T09:36:48","guid":{"rendered":"https:\/\/traditional-wine.de\/impressum\/"},"modified":"2025-04-26T01:06:25","modified_gmt":"2025-04-25T23:06:25","slug":"impressum","status":"publish","type":"page","link":"https:\/\/traditional-wine.de\/en\/impressum\/","title":{"rendered":"Imprint"},"content":{"rendered":"<div style=\"display:block; background-color:#FBFBFB; color:#292929; border: 1px solid #ccc; padding:15px; font-family:Helvetica,Arial,sans-serif; font-size:14px; font-style:normal;\"><noscript><img decoding=\"async\" style=\"float:left;margin-right:10px;\" src=\"https:\/\/www.fairness-im-handel.de\/wp-content\/uploads\/logo-fairness-90.png\" alt=\"Initiative: Fairness im Handel\"><\/noscript><img decoding=\"async\" style=\"float:left;margin-right:10px;\" src=\"data:image\/gif;base64,R0lGODlhAQABAIAAAAAAAP\/\/\/yH5BAEAAAAALAAAAAABAAEAAAIBRAA7\" alt=\"Initiative: Fairness im Handel\" data-src=\"https:\/\/www.fairness-im-handel.de\/wp-content\/uploads\/logo-fairness-90.png\" class=\" lazyload\"><p style=\"padding-top:10px;\">Mitglied der Initiative &#8220;Fairness im Handel&#8221;.<br>Informationen zur Initiative: <a style=\"color:#ef7b00\" href=\"https:\/\/www.fairness-im-handel.de\" target=\"_blank\" rel=\"noopener noreferrer\">https:\/\/www.fairness-im-handel.de <\/a><\/p><div style=\"clear: both;\"><\/div><\/div>\n\n\n\n<div style=\"height:50px\" aria-hidden=\"true\" class=\"wp-block-spacer\"><\/div>\n\n\n\n<h2 class=\"wp-block-heading\">Diese Seite wird bereitgestellt durch:<\/h2>\n\n\n\n<p>Bernd Karsten Fussy<br>Schillerstr. 13<br>D-55294 Bodenheim <\/p>\n\n\n\n<p>Telefon: +49 (174) 923 05 77<br>E-Mail: shop@traditional-wine.de<\/p>\n\n\n\n<h2 class=\"wp-block-heading\">Handelsregister<\/h2>\n\n\n\n<p> Registergericht:  Amtsgericht Mainz<\/p>\n\n\n\n<h2 class=\"wp-block-heading\">Umsatzsteuer-Identifikationsnummer gem\u00e4\u00df \u00a7 27a Umsatzsteuergesetz:<\/h2>\n\n\n\n<p> DE 306 062 701<\/p>\n\n\n\n<h2 class=\"wp-block-heading\">Inhaltlich Verantwortlicher gem\u00e4\u00df \u00a7 55 RfStV MDStV: <\/h2>\n\n\n\n<p> Bernd Karsten Fussy<\/p>\n\n\n\n<h2 class=\"wp-block-heading\">Alternative Streitbeilegung gem\u00e4\u00df Art. 14 Abs. 1 ODR-VO und \u00a7 36 VSBG<\/h2>\n\n\n\n<p>Die Europ\u00e4ische Kommission stellt eine Plattform zur Online-Streitbeilegung (OS) bereit, die Sie unter https:\/\/ec.europa.eu\/consumers\/odr finden. Zur Teilnahme an einem Streitbeilegungsverfahren vor einer Verbraucherschlichtungsstelle sind wir nicht verpflichtet und nicht bereit.<\/p>\n\n\n\n<h2 class=\"wp-block-heading\">Urheberrecht<\/h2>\n\n\n\n<p>Die durch die Seitenbetreiber erstellten Inhalte und Werke auf diesen Seiten unterliegen, falls nicht anders angegeben (bspw. Creative Commons Lizenzen), dem deutschen Urheberrecht. Die Vervielf\u00e4ltigung, Bearbeitung, Verbreitung und jede Art der Verwertung au\u00dferhalb der Grenzen des Urheberrechtes bed\u00fcrfen der schriftlichen Zustimmung des jeweiligen Autors bzw. Erstellers. Downloads und Kopien dieser Seite sind nur f\u00fcr den privaten, nicht kommerziellen Gebrauch gestattet. Soweit die Inhalte auf dieser Seite nicht vom Betreiber erstellt wurden, werden die Urheberrechte Dritter beachtet. Insbesondere werden Inhalte Dritter als solche gekennzeichnet. Sollten Sie trotzdem auf eine Urheberrechtsverletzung aufmerksam werden, bitten wir um einen entsprechenden Hinweis. Bei Bekanntwerden von Rechtsverletzungen werden wir derartige Inhalte umgehend entfernen.<\/p>\n\n\n\n<div style=\"height:50px\" aria-hidden=\"true\" class=\"wp-block-spacer\"><\/div>\n\n\n\n<figure class=\"wp-block-image aligncenter\"><noscript><img decoding=\"async\" width=\"268\" height=\"104\" src=\"https:\/\/tw.digitalstories.de\/wp-content\/uploads\/betr-itrk.png\" alt class=\"wp-image-6219\" srcset=\"https:\/\/traditional-wine.de\/wp-content\/uploads\/betr-itrk.png 268w, https:\/\/traditional-wine.de\/wp-content\/uploads\/betr-itrk-64x25.png 64w\" sizes=\"(max-width: 268px) 100vw, 268px\"><\/noscript><img decoding=\"async\" width=\"268\" height=\"104\" src=\"data:image\/svg+xml,%3Csvg%20xmlns%3D%22http%3A%2F%2Fwww.w3.org%2F2000%2Fsvg%22%20viewBox%3D%220%200%20268%20104%22%3E%3C%2Fsvg%3E\" alt class=\"wp-image-6219 lazyload\" srcset=\"data:image\/svg+xml,%3Csvg%20xmlns%3D%22http%3A%2F%2Fwww.w3.org%2F2000%2Fsvg%22%20viewBox%3D%220%200%20268%20104%22%3E%3C%2Fsvg%3E 268w\" sizes=\"(max-width: 268px) 100vw, 268px\" data-srcset=\"https:\/\/traditional-wine.de\/wp-content\/uploads\/betr-itrk.png 268w, https:\/\/traditional-wine.de\/wp-content\/uploads\/betr-itrk-64x25.png 64w\" data-src=\"https:\/\/tw.digitalstories.de\/wp-content\/uploads\/betr-itrk.png\"><\/figure>\n\n\n\n<div style=\"height:50px\" aria-hidden=\"true\" class=\"wp-block-spacer\"><\/div>\n","protected":false},"excerpt":{"rendered":"<p>Mitglied der Initiative &#8220;Fairness im Handel&#8221;.Informationen zur Initiative: https:\/\/www.fairness-im-handel.de Diese Seite wird bereitgestellt durch: Bernd Karsten FussySchillerstr. 13D-55294 Bodenheim Telefon: +49 (174) 923 05 77E-Mail: shop@traditional-wine.de Handelsregister Registergericht: Amtsgericht Mainz Umsatzsteuer-Identifikationsnummer gem\u00e4\u00df \u00a7 27a Umsatzsteuergesetz: DE 306 062 701 Inhaltlich Verantwortlicher gem\u00e4\u00df \u00a7 55 RfStV MDStV: Bernd Karsten Fussy Alternative Streitbeilegung gem\u00e4\u00df Art. 14 Abs. [&hellip;]<\/p>\n","protected":false},"author":1,"featured_media":0,"parent":0,"menu_order":0,"comment_status":"closed","ping_status":"closed","template":"","meta":{"footnotes":""},"class_list":["post-67928","page","type-page","status-publish","hentry"],"_links":{"self":[{"href":"https:\/\/traditional-wine.de\/en\/wp-json\/wp\/v2\/pages\/67928","targetHints":{"allow":["GET"]}}],"collection":[{"href":"https:\/\/traditional-wine.de\/en\/wp-json\/wp\/v2\/pages"}],"about":[{"href":"https:\/\/traditional-wine.de\/en\/wp-json\/wp\/v2\/types\/page"}],"author":[{"embeddable":true,"href":"https:\/\/traditional-wine.de\/en\/wp-json\/wp\/v2\/users\/1"}],"replies":[{"embeddable":true,"href":"https:\/\/traditional-wine.de\/en\/wp-json\/wp\/v2\/comments?post=67928"}],"version-history":[{"count":5,"href":"https:\/\/traditional-wine.de\/en\/wp-json\/wp\/v2\/pages\/67928\/revisions"}],"predecessor-version":[{"id":136761,"href":"https:\/\/traditional-wine.de\/en\/wp-json\/wp\/v2\/pages\/67928\/revisions\/136761"}],"wp:attachment":[{"href":"https:\/\/traditional-wine.de\/en\/wp-json\/wp\/v2\/media?parent=67928"}],"curies":[{"name":"wp","href":"https:\/\/api.w.org\/{rel}","templated":true}]}}